{"id":1146,"date":"2018-03-12T22:36:44","date_gmt":"2018-03-12T21:36:44","guid":{"rendered":"http:\/\/www.ondaitalia.net\/?page_id=1146"},"modified":"2023-04-24T13:41:56","modified_gmt":"2023-04-24T11:41:56","slug":"links","status":"publish","type":"page","link":"https:\/\/www.ondaitalia.net\/index.php\/links\/","title":{"rendered":"Links"},"content":{"rendered":"\n<h3 class=\"wp-block-heading\">Alcuni indirizzi interessanti per gli Italiani nell\u2019Is\u00e8re:<\/h3>\n\n\n\n<hr class=\"wp-block-separator has-css-opacity\"\/>\n\n\n\n<h4 class=\"wp-block-heading\"><strong><a href=\"https:\/\/conslione.esteri.it\/it\/\">CONSOLATO GENERALE D\u2019ITALIA IN LIONE<\/a><\/strong><\/h4>\n\n\n\n<p><br>5, rue du Commandant Faurax<br>69006 Lyon 06<\/p>\n\n\n\n<p><strong>Tel.<\/strong>&nbsp;33 (0) 4 78 93 00 17<br><strong>Fax<\/strong>&nbsp;33 (0)4 78 94 33 43<br><strong>e-mail:<\/strong>&nbsp;<a href=\"mailto:consolato.lione@esteri.it\">consolato.lione@esteri.it<\/a><\/p>\n\n\n\n<p><strong>Orario di apertura al pubblico:<\/strong>\u00a0Dal luned\u00ec al venerd\u00ec dalle ore 9 alle ore 12;<br>Il marted\u00ec pomeriggio anche dalle ore 15 alle ore 16:30.<\/p>\n\n\n\n<figure class=\"wp-block-image is-resized\"><img loading=\"lazy\" decoding=\"async\" src=\"https:\/\/www.ondaitalia.net\/wp-content\/uploads\/2019\/04\/repubblica-stemma-bandiera-800x500-crop-1.jpg\" alt=\"\" class=\"wp-image-1651\" width=\"238\" height=\"148\" srcset=\"https:\/\/www.ondaitalia.net\/wp-content\/uploads\/2019\/04\/repubblica-stemma-bandiera-800x500-crop-1.jpg 800w, https:\/\/www.ondaitalia.net\/wp-content\/uploads\/2019\/04\/repubblica-stemma-bandiera-800x500-crop-1-300x188.jpg 300w, https:\/\/www.ondaitalia.net\/wp-content\/uploads\/2019\/04\/repubblica-stemma-bandiera-800x500-crop-1-768x480.jpg 768w, https:\/\/www.ondaitalia.net\/wp-content\/uploads\/2019\/04\/repubblica-stemma-bandiera-800x500-crop-1-610x381.jpg 610w, https:\/\/www.ondaitalia.net\/wp-content\/uploads\/2019\/04\/repubblica-stemma-bandiera-800x500-crop-1-400x250.jpg 400w\" sizes=\"auto, (max-width: 238px) 100vw, 238px\" \/><\/figure>\n\n\n\n<hr class=\"wp-block-separator has-css-opacity\"\/>\n\n\n\n<h4 class=\"wp-block-heading\"><a href=\"https:\/\/conslione.esteri.it\/consolato_lione\/it\/il_consolato\/la%20rete%20consolare\/chiusura-grenoble.html\" target=\"_blank\" rel=\"noopener noreferrer\">Permanenza Consolare a Grenoble<\/a><\/h4>\n\n\n\n<p>Presso la Maison de l&#8217;international &#8211; Bureau des Consuls &#8211; 1 rue Hector Berlioz 38000 Grenoble <br>(ingresso da Jardin de Ville).<br><br>Orari: il mercoled\u00ec dalle ore 9.00 alle ore 12.00 e dalle ore 14.00 alle ore 17.00<\/p>\n\n\n\n<figure class=\"wp-block-image\"><a href=\"https:\/\/conslione.esteri.it\/consolato_lione\/it\/\" target=\"_blank\" rel=\"noopener noreferrer\"><img decoding=\"async\" src=\"https:\/\/www.ondaitalia.net\/wp-content\/uploads\/2018\/03\/consolato-lyon-1-e1520952800938.png\" alt=\"consolato-lyon\"\/><\/a><\/figure>\n\n\n\n<hr class=\"wp-block-separator has-css-opacity\"\/>\n\n\n\n<h4 class=\"wp-block-heading\"><a href=\"http:\/\/www.comites-lyon.org\/\" target=\"_blank\" rel=\"noopener noreferrer\">COM.IT.ES di Lyon<\/a><\/h4>\n\n\n\n<p>(COMitato degli ITaliani all\u2019EStero) \u00e8 uno degli altri sette comitati presenti in Francia.<br>I consiglieri, tutti volontari, sono eletti con voto a suffaggio uneversale della comunit\u00e0 italiana iscritta nelle liste consolari di appartenenza.<\/p>\n\n\n\n<figure class=\"wp-block-image is-resized\"><img loading=\"lazy\" decoding=\"async\" src=\"https:\/\/www.ondaitalia.net\/wp-content\/uploads\/2019\/04\/comites-lyon-logo.png\" alt=\"\" class=\"wp-image-1649\" width=\"196\" height=\"196\" srcset=\"https:\/\/www.ondaitalia.net\/wp-content\/uploads\/2019\/04\/comites-lyon-logo.png 343w, https:\/\/www.ondaitalia.net\/wp-content\/uploads\/2019\/04\/comites-lyon-logo-150x150.png 150w, https:\/\/www.ondaitalia.net\/wp-content\/uploads\/2019\/04\/comites-lyon-logo-300x300.png 300w\" sizes=\"auto, (max-width: 196px) 100vw, 196px\" \/><\/figure>\n\n\n\n<hr class=\"wp-block-separator has-css-opacity\"\/>\n\n\n\n<h4 class=\"wp-block-heading\"><a rel=\"noopener noreferrer\" href=\"https:\/\/www.facebook.com\/groups\/italianiagrenoble\/\" target=\"_blank\">Il gruppo Facebook &#8220;Italiani in Is\u00e8re&#8221;<\/a><\/h4>\n\n\n\n<p>Un nuovo gruppo per gli Italiani dell&#8217;Is\u00e8re dove qualsiasi  argomento \u2014 nel rispetto delle linee guida di Facebook e soprattutto  della netiquette* (niente parolacce o insulti gratuiti, ecc.) \u2014 \u00e8  ammesso.<\/p>\n\n\n\n<figure class=\"wp-block-image\"><img loading=\"lazy\" decoding=\"async\" width=\"180\" height=\"180\" src=\"https:\/\/www.ondaitalia.net\/wp-content\/uploads\/2019\/04\/facebook-logo-squared-ita.png\" alt=\"\" class=\"wp-image-1653\" srcset=\"https:\/\/www.ondaitalia.net\/wp-content\/uploads\/2019\/04\/facebook-logo-squared-ita.png 180w, https:\/\/www.ondaitalia.net\/wp-content\/uploads\/2019\/04\/facebook-logo-squared-ita-150x150.png 150w\" sizes=\"auto, (max-width: 180px) 100vw, 180px\" \/><\/figure>\n\n\n\n<hr class=\"wp-block-separator has-css-opacity\"\/>\n\n\n\n<h4 class=\"wp-block-heading\"><a href=\"http:\/\/www.letiziaricci.it\/\" target=\"_blank\" rel=\"noopener noreferrer\">Letizia Ricci Traduzioni<\/a><\/h4>\n\n\n\n<p>Traduzioni techniche e giuridiche. Traduttore giurato esperto presso la Corte d\u2019Appello di Grenoble, expertise valida su tutto il territorio europeo. Membro de la Guilde Europ\u00e9enne e della Soci\u00e9t\u00e9 Fran\u00e7aise des Traducteurs.<\/p>\n\n\n\n<figure class=\"wp-block-image is-resized\"><a href=\"http:\/\/www.letiziaricci.it\/\" target=\"_blank\" rel=\"noopener noreferrer\"><img loading=\"lazy\" decoding=\"async\" src=\"https:\/\/www.ondaitalia.net\/wp-content\/uploads\/2018\/03\/Logo-Ricci-Logo-VF-350x161-1-1-e1520952518790.png\" alt=\"Logo-Ricci-Logo-VF-350x161-1-1\" width=\"276\" height=\"127\"\/><\/a><\/figure>\n\n\n\n<hr class=\"wp-block-separator has-css-opacity\"\/>\n\n\n\n<h4 class=\"wp-block-heading\"><a rel=\"noopener noreferrer\" href=\"http:\/\/www.api-chambery.com\/a-v2\/indexradio.html\" target=\"_blank\">API Radio Musica Italiana<\/a><\/h4>\n\n\n\n<p>La Web Radio de l&#8217;Association pour la Promotion de l&#8217;Italien. Nous vous proposons d&#8217;\u00e9couter Toutes les Chansons Italiennes, en ligne depuis le 18 d\u00e9cembre 2017.<\/p>\n\n\n\n<figure class=\"wp-block-image\"><a href=\"http:\/\/www.api-chambery.com\/a-v2\/indexradio.html\" target=\"_blank\" rel=\"noopener noreferrer\"><img decoding=\"async\" src=\"https:\/\/www.ondaitalia.net\/wp-content\/uploads\/2018\/03\/apiradio-304x150.png\" alt=\"apiradio-304x150\"\/><\/a><\/figure>\n","protected":false},"excerpt":{"rendered":"<p>Alcuni indirizzi interessanti per gli Italiani nell\u2019Is\u00e8re: CONSOLATO GENERALE D\u2019ITALIA IN LIONE 5, rue du&#8230;<\/p>\n","protected":false},"author":3,"featured_media":0,"parent":0,"menu_order":0,"comment_status":"closed","ping_status":"closed","template":"","meta":{"footnotes":""},"class_list":["post-1146","page","type-page","status-publish","hentry"],"_links":{"self":[{"href":"https:\/\/www.ondaitalia.net\/index.php\/wp-json\/wp\/v2\/pages\/1146","targetHints":{"allow":["GET"]}}],"collection":[{"href":"https:\/\/www.ondaitalia.net\/index.php\/wp-json\/wp\/v2\/pages"}],"about":[{"href":"https:\/\/www.ondaitalia.net\/index.php\/wp-json\/wp\/v2\/types\/page"}],"author":[{"embeddable":true,"href":"https:\/\/www.ondaitalia.net\/index.php\/wp-json\/wp\/v2\/users\/3"}],"replies":[{"embeddable":true,"href":"https:\/\/www.ondaitalia.net\/index.php\/wp-json\/wp\/v2\/comments?post=1146"}],"version-history":[{"count":13,"href":"https:\/\/www.ondaitalia.net\/index.php\/wp-json\/wp\/v2\/pages\/1146\/revisions"}],"predecessor-version":[{"id":2250,"href":"https:\/\/www.ondaitalia.net\/index.php\/wp-json\/wp\/v2\/pages\/1146\/revisions\/2250"}],"wp:attachment":[{"href":"https:\/\/www.ondaitalia.net\/index.php\/wp-json\/wp\/v2\/media?parent=1146"}],"curies":[{"name":"wp","href":"https:\/\/api.w.org\/{rel}","templated":true}]}}